{"id":1648,"date":"2021-12-21T23:40:02","date_gmt":"2021-12-21T23:40:02","guid":{"rendered":"https:\/\/topguard.ca\/boutique\/?post_type=product&#038;p=1648"},"modified":"2021-12-22T20:52:46","modified_gmt":"2021-12-22T20:52:46","slug":"trousse-dinstallation","status":"publish","type":"product","link":"https:\/\/topguard.ca\/boutique\/product\/trousse-dinstallation\/","title":{"rendered":"Trousse d&rsquo;installation"},"content":{"rendered":"<p>Notre trousse d&rsquo;installation comprend un couteau de pr\u00e9cision, une petite palette d&rsquo;installation et une plus grande afin de vous permettre d&rsquo;appliquer nos films teint\u00e9s sur les vitres de votre v\u00e9hicule comme les experts!<\/p>\n<p>&nbsp;<\/p>\n","protected":false},"excerpt":{"rendered":"<p>Ayez en main tout ce dont vous avez besoin pour proc\u00e9der \u00e0 l&rsquo;installation minutieuse de nos pellicules teint\u00e9es. Les outils compris dans cette trousse pourront facilement \u00eatre r\u00e9utilis\u00e9s pour toute autre t\u00e2che de pr\u00e9cision.<\/p>\n<ul>\n<li>2 palettes d&rsquo;installation<\/li>\n<li>1 couteau de pr\u00e9cision<\/li>\n<\/ul>\n","protected":false},"featured_media":1650,"template":"","meta":{"_acf_changed":false,"site-sidebar-layout":"default","site-content-layout":"default","ast-main-header-display":"","ast-hfb-above-header-display":"","ast-hfb-below-header-display":"","ast-hfb-mobile-header-display":"","site-post-title":"","ast-breadcrumbs-content":"","ast-featured-img":"","footer-sml-layout":"","theme-transparent-header-meta":"default","adv-header-id-meta":"","stick-header-meta":"","header-above-stick-meta":"","header-main-stick-meta":"","header-below-stick-meta":""},"product_cat":[24],"product_tag":[],"class_list":{"0":"post-1648","1":"product","2":"type-product","3":"status-publish","4":"has-post-thumbnail","6":"product_cat-vitres-teintees","7":"align-center","8":"box-shadow-0","9":"box-shadow-0-hover","10":"ast-product-gallery-layout-horizontal","11":"ast-product-gallery-with-no-image","12":"ast-product-tabs-layout-horizontal","13":"ast-qv-on-image","15":"first","16":"instock","17":"taxable","18":"shipping-taxable","19":"purchasable","20":"product-type-simple"},"acf":[],"yoast_head":"<!-- This site is optimized with the Yoast SEO plugin v22.1 - https:\/\/yoast.com\/wordpress\/plugins\/seo\/ -->\n<title>Trousse d\u2019installation pour vitres teint\u00e9es | Boutique | Top Guard<\/title>\n<meta name=\"description\" content=\"Facilitez l\u2019installation de nos pellicules teint\u00e9es sur votre voiture avec nos outils de pr\u00e9cision qui vous permettront d\u2019effectuer un travail impeccable!\" \/>\n<meta name=\"robots\" content=\"index, follow, max-snippet:-1, max-image-preview:large, max-video-preview:-1\" \/>\n<link rel=\"canonical\" href=\"https:\/\/topguard.ca\/boutique\/product\/trousse-dinstallation\/\" \/>\n<meta property=\"og:locale\" content=\"fr_CA\" \/>\n<meta property=\"og:type\" content=\"article\" \/>\n<meta property=\"og:title\" content=\"Trousse d\u2019installation pour vitres teint\u00e9es | Boutique | Top Guard\" \/>\n<meta property=\"og:description\" content=\"Facilitez l\u2019installation de nos pellicules teint\u00e9es sur votre voiture avec nos outils de pr\u00e9cision qui vous permettront d\u2019effectuer un travail impeccable!\" \/>\n<meta property=\"og:url\" content=\"https:\/\/topguard.ca\/boutique\/product\/trousse-dinstallation\/\" \/>\n<meta property=\"og:site_name\" content=\"TopGuard.ca\" \/>\n<meta property=\"article:modified_time\" content=\"2021-12-22T20:52:46+00:00\" \/>\n<meta property=\"og:image\" content=\"https:\/\/topguard.ca\/boutique\/wp-content\/uploads\/2021\/12\/Capture-de\u0301cran-le-2021-12-21-a\u0300-18.45.38.png\" \/>\n\t<meta property=\"og:image:width\" content=\"928\" \/>\n\t<meta property=\"og:image:height\" content=\"730\" \/>\n\t<meta property=\"og:image:type\" content=\"image\/png\" \/>\n<meta name=\"twitter:card\" content=\"summary_large_image\" \/>\n<script type=\"application\/ld+json\" class=\"yoast-schema-graph\">{\"@context\":\"https:\/\/schema.org\",\"@graph\":[{\"@type\":\"WebPage\",\"@id\":\"https:\/\/topguard.ca\/boutique\/product\/trousse-dinstallation\/\",\"url\":\"https:\/\/topguard.ca\/boutique\/product\/trousse-dinstallation\/\",\"name\":\"Trousse d\u2019installation pour vitres teint\u00e9es | Boutique | Top Guard\",\"isPartOf\":{\"@id\":\"https:\/\/topguard.ca\/boutique\/#website\"},\"datePublished\":\"2021-12-21T23:40:02+00:00\",\"dateModified\":\"2021-12-22T20:52:46+00:00\",\"description\":\"Facilitez l\u2019installation de nos pellicules teint\u00e9es sur votre voiture avec nos outils de pr\u00e9cision qui vous permettront d\u2019effectuer un travail impeccable!\",\"breadcrumb\":{\"@id\":\"https:\/\/topguard.ca\/boutique\/product\/trousse-dinstallation\/#breadcrumb\"},\"inLanguage\":\"fr-CA\",\"potentialAction\":[{\"@type\":\"ReadAction\",\"target\":[\"https:\/\/topguard.ca\/boutique\/product\/trousse-dinstallation\/\"]}]},{\"@type\":\"BreadcrumbList\",\"@id\":\"https:\/\/topguard.ca\/boutique\/product\/trousse-dinstallation\/#breadcrumb\",\"itemListElement\":[{\"@type\":\"ListItem\",\"position\":1,\"name\":\"Home\",\"item\":\"https:\/\/topguard.ca\/boutique\/\"},{\"@type\":\"ListItem\",\"position\":2,\"name\":\"Shop\",\"item\":\"https:\/\/topguard.ca\/boutique\/shop-2\/\"},{\"@type\":\"ListItem\",\"position\":3,\"name\":\"Trousse d&#8217;installation\"}]},{\"@type\":\"WebSite\",\"@id\":\"https:\/\/topguard.ca\/boutique\/#website\",\"url\":\"https:\/\/topguard.ca\/boutique\/\",\"name\":\"TopGuard.ca\",\"description\":\"Just another WordPress site\",\"publisher\":{\"@id\":\"https:\/\/topguard.ca\/boutique\/#organization\"},\"potentialAction\":[{\"@type\":\"SearchAction\",\"target\":{\"@type\":\"EntryPoint\",\"urlTemplate\":\"https:\/\/topguard.ca\/boutique\/?s={search_term_string}\"},\"query-input\":\"required name=search_term_string\"}],\"inLanguage\":\"fr-CA\"},{\"@type\":\"Organization\",\"@id\":\"https:\/\/topguard.ca\/boutique\/#organization\",\"name\":\"TopGuard.ca\",\"url\":\"https:\/\/topguard.ca\/boutique\/\",\"logo\":{\"@type\":\"ImageObject\",\"inLanguage\":\"fr-CA\",\"@id\":\"https:\/\/topguard.ca\/boutique\/#\/schema\/logo\/image\/\",\"url\":\"https:\/\/topguard.ca\/boutique\/wp-content\/uploads\/2021\/06\/cropped-cropped-Logo_top_guard-1-alt-e1635260545729.png\",\"contentUrl\":\"https:\/\/topguard.ca\/boutique\/wp-content\/uploads\/2021\/06\/cropped-cropped-Logo_top_guard-1-alt-e1635260545729.png\",\"width\":162,\"height\":100,\"caption\":\"TopGuard.ca\"},\"image\":{\"@id\":\"https:\/\/topguard.ca\/boutique\/#\/schema\/logo\/image\/\"}}]}<\/script>\n<!-- \/ Yoast SEO plugin. -->","yoast_head_json":{"title":"Trousse d\u2019installation pour vitres teint\u00e9es | Boutique | Top Guard","description":"Facilitez l\u2019installation de nos pellicules teint\u00e9es sur votre voiture avec nos outils de pr\u00e9cision qui vous permettront d\u2019effectuer un travail impeccable!","robots":{"index":"index","follow":"follow","max-snippet":"max-snippet:-1","max-image-preview":"max-image-preview:large","max-video-preview":"max-video-preview:-1"},"canonical":"https:\/\/topguard.ca\/boutique\/product\/trousse-dinstallation\/","og_locale":"fr_CA","og_type":"article","og_title":"Trousse d\u2019installation pour vitres teint\u00e9es | Boutique | Top Guard","og_description":"Facilitez l\u2019installation de nos pellicules teint\u00e9es sur votre voiture avec nos outils de pr\u00e9cision qui vous permettront d\u2019effectuer un travail impeccable!","og_url":"https:\/\/topguard.ca\/boutique\/product\/trousse-dinstallation\/","og_site_name":"TopGuard.ca","article_modified_time":"2021-12-22T20:52:46+00:00","og_image":[{"width":928,"height":730,"url":"https:\/\/topguard.ca\/boutique\/wp-content\/uploads\/2021\/12\/Capture-de\u0301cran-le-2021-12-21-a\u0300-18.45.38.png","type":"image\/png"}],"twitter_card":"summary_large_image","schema":{"@context":"https:\/\/schema.org","@graph":[{"@type":"WebPage","@id":"https:\/\/topguard.ca\/boutique\/product\/trousse-dinstallation\/","url":"https:\/\/topguard.ca\/boutique\/product\/trousse-dinstallation\/","name":"Trousse d\u2019installation pour vitres teint\u00e9es | Boutique | Top Guard","isPartOf":{"@id":"https:\/\/topguard.ca\/boutique\/#website"},"datePublished":"2021-12-21T23:40:02+00:00","dateModified":"2021-12-22T20:52:46+00:00","description":"Facilitez l\u2019installation de nos pellicules teint\u00e9es sur votre voiture avec nos outils de pr\u00e9cision qui vous permettront d\u2019effectuer un travail impeccable!","breadcrumb":{"@id":"https:\/\/topguard.ca\/boutique\/product\/trousse-dinstallation\/#breadcrumb"},"inLanguage":"fr-CA","potentialAction":[{"@type":"ReadAction","target":["https:\/\/topguard.ca\/boutique\/product\/trousse-dinstallation\/"]}]},{"@type":"BreadcrumbList","@id":"https:\/\/topguard.ca\/boutique\/product\/trousse-dinstallation\/#breadcrumb","itemListElement":[{"@type":"ListItem","position":1,"name":"Home","item":"https:\/\/topguard.ca\/boutique\/"},{"@type":"ListItem","position":2,"name":"Shop","item":"https:\/\/topguard.ca\/boutique\/shop-2\/"},{"@type":"ListItem","position":3,"name":"Trousse d&#8217;installation"}]},{"@type":"WebSite","@id":"https:\/\/topguard.ca\/boutique\/#website","url":"https:\/\/topguard.ca\/boutique\/","name":"TopGuard.ca","description":"Just another WordPress site","publisher":{"@id":"https:\/\/topguard.ca\/boutique\/#organization"},"potentialAction":[{"@type":"SearchAction","target":{"@type":"EntryPoint","urlTemplate":"https:\/\/topguard.ca\/boutique\/?s={search_term_string}"},"query-input":"required name=search_term_string"}],"inLanguage":"fr-CA"},{"@type":"Organization","@id":"https:\/\/topguard.ca\/boutique\/#organization","name":"TopGuard.ca","url":"https:\/\/topguard.ca\/boutique\/","logo":{"@type":"ImageObject","inLanguage":"fr-CA","@id":"https:\/\/topguard.ca\/boutique\/#\/schema\/logo\/image\/","url":"https:\/\/topguard.ca\/boutique\/wp-content\/uploads\/2021\/06\/cropped-cropped-Logo_top_guard-1-alt-e1635260545729.png","contentUrl":"https:\/\/topguard.ca\/boutique\/wp-content\/uploads\/2021\/06\/cropped-cropped-Logo_top_guard-1-alt-e1635260545729.png","width":162,"height":100,"caption":"TopGuard.ca"},"image":{"@id":"https:\/\/topguard.ca\/boutique\/#\/schema\/logo\/image\/"}}]}},"_links":{"self":[{"href":"https:\/\/topguard.ca\/boutique\/wp-json\/wp\/v2\/product\/1648","targetHints":{"allow":["GET"]}}],"collection":[{"href":"https:\/\/topguard.ca\/boutique\/wp-json\/wp\/v2\/product"}],"about":[{"href":"https:\/\/topguard.ca\/boutique\/wp-json\/wp\/v2\/types\/product"}],"wp:featuredmedia":[{"embeddable":true,"href":"https:\/\/topguard.ca\/boutique\/wp-json\/wp\/v2\/media\/1650"}],"wp:attachment":[{"href":"https:\/\/topguard.ca\/boutique\/wp-json\/wp\/v2\/media?parent=1648"}],"wp:term":[{"taxonomy":"product_cat","embeddable":true,"href":"https:\/\/topguard.ca\/boutique\/wp-json\/wp\/v2\/product_cat?post=1648"},{"taxonomy":"product_tag","embeddable":true,"href":"https:\/\/topguard.ca\/boutique\/wp-json\/wp\/v2\/product_tag?post=1648"}],"curies":[{"name":"wp","href":"https:\/\/api.w.org\/{rel}","templated":true}]}}