{"id":1119,"date":"2021-07-14T20:56:38","date_gmt":"2021-07-14T20:56:38","guid":{"rendered":"https:\/\/topguard.ca\/boutique\/?post_type=product&#038;p=1119"},"modified":"2024-02-22T11:59:27","modified_gmt":"2024-02-22T11:59:27","slug":"ensemble-pare-pierre","status":"publish","type":"product","link":"https:\/\/topguard.ca\/boutique\/product\/ensemble-pare-pierre\/","title":{"rendered":"Ensemble pare-pierre"},"content":{"rendered":"<p>Nos pellicules pare-pierres sont faciles \u00e0 installer et \u00e0 entretenir. Elles poss\u00e8dent une garantie \u00e0 vie contre le jaunissement et une valeur de revente optimale. En plus de pr\u00e9venir l\u2019usure, elles offrent une d\u00e9fense invisible et une protection essentielle contre les inconv\u00e9nients de la route.<\/p>\n<p>Nos ensembles pare-pierre Mini-capot, Bronze et Argent sont d\u00e9coup\u00e9s afin d\u2019adh\u00e9rer plus facilement \u00e0 votre v\u00e9hicule et vous permettre d\u2019effectuer un travail minutieux et durable. Avec les instructions et le mat\u00e9riel fournis par Top Guard, vous aurez la possibilit\u00e9 d\u2019effectuer le travail de nos experts en protection automobile!<\/p>\n","protected":false},"excerpt":{"rendered":"<p>Installez vous-m\u00eame nos pellicules pare-pierre gr\u00e2ce \u00e0 nos ensembles pr\u00e9d\u00e9coup\u00e9s, notre palette d&rsquo;installation et notre guide d&rsquo;instructions simples.<\/p>\n<ul>\n<li>Protection haut de gamme mondialement reconnue<\/li>\n<li>Pellicule ultrar\u00e9sistante<\/li>\n<li>\u00c9paisseur de 10 milli\u00e8mes<\/li>\n<li>Technologie d&rsquo;autogu\u00e9rison<\/li>\n<li>Pr\u00e9vient les \u00e9gratignures<\/li>\n<li>Capacit\u00e9 hydrofuge<\/li>\n<li>Garantie \u00e0 vie<\/li>\n<\/ul>\n","protected":false},"featured_media":1310,"template":"","meta":{"_acf_changed":false,"site-sidebar-layout":"default","site-content-layout":"default","ast-main-header-display":"","ast-hfb-above-header-display":"","ast-hfb-below-header-display":"","ast-hfb-mobile-header-display":"","site-post-title":"","ast-breadcrumbs-content":"","ast-featured-img":"","footer-sml-layout":"","theme-transparent-header-meta":"default","adv-header-id-meta":"","stick-header-meta":"","header-above-stick-meta":"","header-main-stick-meta":"","header-below-stick-meta":""},"product_cat":[25],"product_tag":[],"class_list":{"0":"post-1119","1":"product","2":"type-product","3":"status-publish","4":"has-post-thumbnail","6":"product_cat-pare-pierre","7":"align-center","8":"box-shadow-0","9":"box-shadow-0-hover","10":"ast-product-gallery-layout-horizontal","11":"ast-product-gallery-with-no-image","12":"ast-product-tabs-layout-horizontal","13":"ast-qv-on-image","15":"first","16":"instock","17":"taxable","18":"shipping-taxable","19":"purchasable","20":"product-type-variable"},"acf":[],"yoast_head":"<!-- This site is optimized with the Yoast SEO plugin v22.1 - https:\/\/yoast.com\/wordpress\/plugins\/seo\/ -->\n<title>Ensembles pare-pierre pr\u00e9d\u00e9coup\u00e9s | Auto-installation | Top Guard<\/title>\n<meta name=\"description\" content=\"Installez vous-m\u00eame notre pellicule pare-pierre de grande qualit\u00e9, pr\u00e9d\u00e9coup\u00e9e pour votre v\u00e9hicule, avec nos instructions simples et \u00e9conomisez!\" \/>\n<meta name=\"robots\" content=\"index, follow, max-snippet:-1, max-image-preview:large, max-video-preview:-1\" \/>\n<link rel=\"canonical\" href=\"https:\/\/topguard.ca\/boutique\/product\/ensemble-pare-pierre\/\" \/>\n<meta property=\"og:locale\" content=\"fr_CA\" \/>\n<meta property=\"og:type\" content=\"article\" \/>\n<meta property=\"og:title\" content=\"Ensembles pare-pierre pr\u00e9d\u00e9coup\u00e9s | Auto-installation | Top Guard\" \/>\n<meta property=\"og:description\" content=\"Installez vous-m\u00eame notre pellicule pare-pierre de grande qualit\u00e9, pr\u00e9d\u00e9coup\u00e9e pour votre v\u00e9hicule, avec nos instructions simples et \u00e9conomisez!\" \/>\n<meta property=\"og:url\" content=\"https:\/\/topguard.ca\/boutique\/product\/ensemble-pare-pierre\/\" \/>\n<meta property=\"og:site_name\" content=\"TopGuard.ca\" \/>\n<meta property=\"article:modified_time\" content=\"2024-02-22T11:59:27+00:00\" \/>\n<meta property=\"og:image\" content=\"https:\/\/topguard.ca\/boutique\/wp-content\/uploads\/2021\/07\/parrepierre3.jpeg\" \/>\n\t<meta property=\"og:image:width\" content=\"722\" \/>\n\t<meta property=\"og:image:height\" content=\"482\" \/>\n\t<meta property=\"og:image:type\" content=\"image\/jpeg\" \/>\n<meta name=\"twitter:card\" content=\"summary_large_image\" \/>\n<meta name=\"twitter:label1\" content=\"Estimation du temps de lecture\" \/>\n\t<meta name=\"twitter:data1\" content=\"1 minute\" \/>\n<script type=\"application\/ld+json\" class=\"yoast-schema-graph\">{\"@context\":\"https:\/\/schema.org\",\"@graph\":[{\"@type\":\"WebPage\",\"@id\":\"https:\/\/topguard.ca\/boutique\/product\/ensemble-pare-pierre\/\",\"url\":\"https:\/\/topguard.ca\/boutique\/product\/ensemble-pare-pierre\/\",\"name\":\"Ensembles pare-pierre pr\u00e9d\u00e9coup\u00e9s | Auto-installation | Top Guard\",\"isPartOf\":{\"@id\":\"https:\/\/topguard.ca\/boutique\/#website\"},\"datePublished\":\"2021-07-14T20:56:38+00:00\",\"dateModified\":\"2024-02-22T11:59:27+00:00\",\"description\":\"Installez vous-m\u00eame notre pellicule pare-pierre de grande qualit\u00e9, pr\u00e9d\u00e9coup\u00e9e pour votre v\u00e9hicule, avec nos instructions simples et \u00e9conomisez!\",\"breadcrumb\":{\"@id\":\"https:\/\/topguard.ca\/boutique\/product\/ensemble-pare-pierre\/#breadcrumb\"},\"inLanguage\":\"fr-CA\",\"potentialAction\":[{\"@type\":\"ReadAction\",\"target\":[\"https:\/\/topguard.ca\/boutique\/product\/ensemble-pare-pierre\/\"]}]},{\"@type\":\"BreadcrumbList\",\"@id\":\"https:\/\/topguard.ca\/boutique\/product\/ensemble-pare-pierre\/#breadcrumb\",\"itemListElement\":[{\"@type\":\"ListItem\",\"position\":1,\"name\":\"Home\",\"item\":\"https:\/\/topguard.ca\/boutique\/\"},{\"@type\":\"ListItem\",\"position\":2,\"name\":\"Shop\",\"item\":\"https:\/\/topguard.ca\/boutique\/shop-2\/\"},{\"@type\":\"ListItem\",\"position\":3,\"name\":\"Ensemble pare-pierre\"}]},{\"@type\":\"WebSite\",\"@id\":\"https:\/\/topguard.ca\/boutique\/#website\",\"url\":\"https:\/\/topguard.ca\/boutique\/\",\"name\":\"TopGuard.ca\",\"description\":\"Just another WordPress site\",\"publisher\":{\"@id\":\"https:\/\/topguard.ca\/boutique\/#organization\"},\"potentialAction\":[{\"@type\":\"SearchAction\",\"target\":{\"@type\":\"EntryPoint\",\"urlTemplate\":\"https:\/\/topguard.ca\/boutique\/?s={search_term_string}\"},\"query-input\":\"required name=search_term_string\"}],\"inLanguage\":\"fr-CA\"},{\"@type\":\"Organization\",\"@id\":\"https:\/\/topguard.ca\/boutique\/#organization\",\"name\":\"TopGuard.ca\",\"url\":\"https:\/\/topguard.ca\/boutique\/\",\"logo\":{\"@type\":\"ImageObject\",\"inLanguage\":\"fr-CA\",\"@id\":\"https:\/\/topguard.ca\/boutique\/#\/schema\/logo\/image\/\",\"url\":\"https:\/\/topguard.ca\/boutique\/wp-content\/uploads\/2021\/06\/cropped-cropped-Logo_top_guard-1-alt-e1635260545729.png\",\"contentUrl\":\"https:\/\/topguard.ca\/boutique\/wp-content\/uploads\/2021\/06\/cropped-cropped-Logo_top_guard-1-alt-e1635260545729.png\",\"width\":162,\"height\":100,\"caption\":\"TopGuard.ca\"},\"image\":{\"@id\":\"https:\/\/topguard.ca\/boutique\/#\/schema\/logo\/image\/\"}}]}<\/script>\n<!-- \/ Yoast SEO plugin. -->","yoast_head_json":{"title":"Ensembles pare-pierre pr\u00e9d\u00e9coup\u00e9s | Auto-installation | Top Guard","description":"Installez vous-m\u00eame notre pellicule pare-pierre de grande qualit\u00e9, pr\u00e9d\u00e9coup\u00e9e pour votre v\u00e9hicule, avec nos instructions simples et \u00e9conomisez!","robots":{"index":"index","follow":"follow","max-snippet":"max-snippet:-1","max-image-preview":"max-image-preview:large","max-video-preview":"max-video-preview:-1"},"canonical":"https:\/\/topguard.ca\/boutique\/product\/ensemble-pare-pierre\/","og_locale":"fr_CA","og_type":"article","og_title":"Ensembles pare-pierre pr\u00e9d\u00e9coup\u00e9s | Auto-installation | Top Guard","og_description":"Installez vous-m\u00eame notre pellicule pare-pierre de grande qualit\u00e9, pr\u00e9d\u00e9coup\u00e9e pour votre v\u00e9hicule, avec nos instructions simples et \u00e9conomisez!","og_url":"https:\/\/topguard.ca\/boutique\/product\/ensemble-pare-pierre\/","og_site_name":"TopGuard.ca","article_modified_time":"2024-02-22T11:59:27+00:00","og_image":[{"width":722,"height":482,"url":"https:\/\/topguard.ca\/boutique\/wp-content\/uploads\/2021\/07\/parrepierre3.jpeg","type":"image\/jpeg"}],"twitter_card":"summary_large_image","twitter_misc":{"Estimation du temps de lecture":"1 minute"},"schema":{"@context":"https:\/\/schema.org","@graph":[{"@type":"WebPage","@id":"https:\/\/topguard.ca\/boutique\/product\/ensemble-pare-pierre\/","url":"https:\/\/topguard.ca\/boutique\/product\/ensemble-pare-pierre\/","name":"Ensembles pare-pierre pr\u00e9d\u00e9coup\u00e9s | Auto-installation | Top Guard","isPartOf":{"@id":"https:\/\/topguard.ca\/boutique\/#website"},"datePublished":"2021-07-14T20:56:38+00:00","dateModified":"2024-02-22T11:59:27+00:00","description":"Installez vous-m\u00eame notre pellicule pare-pierre de grande qualit\u00e9, pr\u00e9d\u00e9coup\u00e9e pour votre v\u00e9hicule, avec nos instructions simples et \u00e9conomisez!","breadcrumb":{"@id":"https:\/\/topguard.ca\/boutique\/product\/ensemble-pare-pierre\/#breadcrumb"},"inLanguage":"fr-CA","potentialAction":[{"@type":"ReadAction","target":["https:\/\/topguard.ca\/boutique\/product\/ensemble-pare-pierre\/"]}]},{"@type":"BreadcrumbList","@id":"https:\/\/topguard.ca\/boutique\/product\/ensemble-pare-pierre\/#breadcrumb","itemListElement":[{"@type":"ListItem","position":1,"name":"Home","item":"https:\/\/topguard.ca\/boutique\/"},{"@type":"ListItem","position":2,"name":"Shop","item":"https:\/\/topguard.ca\/boutique\/shop-2\/"},{"@type":"ListItem","position":3,"name":"Ensemble pare-pierre"}]},{"@type":"WebSite","@id":"https:\/\/topguard.ca\/boutique\/#website","url":"https:\/\/topguard.ca\/boutique\/","name":"TopGuard.ca","description":"Just another WordPress site","publisher":{"@id":"https:\/\/topguard.ca\/boutique\/#organization"},"potentialAction":[{"@type":"SearchAction","target":{"@type":"EntryPoint","urlTemplate":"https:\/\/topguard.ca\/boutique\/?s={search_term_string}"},"query-input":"required name=search_term_string"}],"inLanguage":"fr-CA"},{"@type":"Organization","@id":"https:\/\/topguard.ca\/boutique\/#organization","name":"TopGuard.ca","url":"https:\/\/topguard.ca\/boutique\/","logo":{"@type":"ImageObject","inLanguage":"fr-CA","@id":"https:\/\/topguard.ca\/boutique\/#\/schema\/logo\/image\/","url":"https:\/\/topguard.ca\/boutique\/wp-content\/uploads\/2021\/06\/cropped-cropped-Logo_top_guard-1-alt-e1635260545729.png","contentUrl":"https:\/\/topguard.ca\/boutique\/wp-content\/uploads\/2021\/06\/cropped-cropped-Logo_top_guard-1-alt-e1635260545729.png","width":162,"height":100,"caption":"TopGuard.ca"},"image":{"@id":"https:\/\/topguard.ca\/boutique\/#\/schema\/logo\/image\/"}}]}},"_links":{"self":[{"href":"https:\/\/topguard.ca\/boutique\/wp-json\/wp\/v2\/product\/1119","targetHints":{"allow":["GET"]}}],"collection":[{"href":"https:\/\/topguard.ca\/boutique\/wp-json\/wp\/v2\/product"}],"about":[{"href":"https:\/\/topguard.ca\/boutique\/wp-json\/wp\/v2\/types\/product"}],"wp:featuredmedia":[{"embeddable":true,"href":"https:\/\/topguard.ca\/boutique\/wp-json\/wp\/v2\/media\/1310"}],"wp:attachment":[{"href":"https:\/\/topguard.ca\/boutique\/wp-json\/wp\/v2\/media?parent=1119"}],"wp:term":[{"taxonomy":"product_cat","embeddable":true,"href":"https:\/\/topguard.ca\/boutique\/wp-json\/wp\/v2\/product_cat?post=1119"},{"taxonomy":"product_tag","embeddable":true,"href":"https:\/\/topguard.ca\/boutique\/wp-json\/wp\/v2\/product_tag?post=1119"}],"curies":[{"name":"wp","href":"https:\/\/api.w.org\/{rel}","templated":true}]}}