{"id":1112,"date":"2021-07-14T20:41:33","date_gmt":"2021-07-14T20:41:33","guid":{"rendered":"https:\/\/topguard.ca\/boutique\/?post_type=product&#038;p=1112"},"modified":"2024-02-22T11:53:17","modified_gmt":"2024-02-22T11:53:17","slug":"protection-nano-ceramique","status":"publish","type":"product","link":"https:\/\/topguard.ca\/boutique\/product\/protection-nano-ceramique\/","title":{"rendered":"Scellant c\u00e9ramique vaporisable"},"content":{"rendered":"<p>Notre scellant c\u00e9ramique vaporisable vous aide \u00e0 pr\u00e9server le lustre de votre v\u00e9hicule et \u00e0 lui redonner son \u00e9clat d&rsquo;antan. Simple \u00e0 utiliser, notre produit de protection s\u2019applique aussi sur la pellicule pare-pierre de votre v\u00e9hicule afin d&rsquo;entretenir son apparence.<\/p>\n<p>Notre traitement de cire peut \u00eatre facilement appliqu\u00e9 sur la carrosserie de votre voiture, \u00e0 l\u2019aide d\u2019un vaporisateur et d\u2019un chiffon, apr\u00e8s un bon nettoyage.<\/p>\n<p>Le produit est accompagn\u00e9 d\u2019instructions claires afin de vous offrir un r\u00e9sultat optimal.<\/p>\n","protected":false},"excerpt":{"rendered":"<p>Vaporisez votre v\u00e9hicule avec notre lustre c\u00e9ramique et redonnez-lui un bel \u00e9clat!<\/p>\n<ul>\n<li>Pr\u00e9serve le lustre de votre v\u00e9hicule<\/li>\n<li>Efficace sur une protection pare-pierre<\/li>\n<li>Facilement applicable<\/li>\n<li>Produit de qualit\u00e9 professionnelle<\/li>\n<\/ul>\n<p>&nbsp;<\/p>\n","protected":false},"featured_media":1647,"template":"","meta":{"_acf_changed":false,"site-sidebar-layout":"default","site-content-layout":"default","ast-main-header-display":"","ast-hfb-above-header-display":"","ast-hfb-below-header-display":"","ast-hfb-mobile-header-display":"","site-post-title":"","ast-breadcrumbs-content":"","ast-featured-img":"","footer-sml-layout":"","theme-transparent-header-meta":"default","adv-header-id-meta":"","stick-header-meta":"","header-above-stick-meta":"","header-main-stick-meta":"","header-below-stick-meta":""},"product_cat":[54],"product_tag":[],"class_list":{"0":"post-1112","1":"product","2":"type-product","3":"status-publish","4":"has-post-thumbnail","6":"product_cat-produit-dentretien","7":"align-center","8":"box-shadow-0","9":"box-shadow-0-hover","10":"ast-product-gallery-layout-horizontal","11":"ast-product-gallery-with-no-image","12":"ast-product-tabs-layout-horizontal","13":"ast-qv-on-image","15":"first","16":"instock","17":"taxable","18":"shipping-taxable","19":"purchasable","20":"product-type-variable"},"acf":[],"yoast_head":"<!-- This site is optimized with the Yoast SEO plugin v22.1 - https:\/\/yoast.com\/wordpress\/plugins\/seo\/ -->\n<title>Scellant c\u00e9ramique vaporisable | Boutique | Top Guard<\/title>\n<meta name=\"description\" content=\"Pr\u00e9servez le lustre de votre v\u00e9hicule avec notre cire c\u00e9ramique de haute qualit\u00e9, facilement applicable, et efficace sur les pellicules pare-pierre.\" \/>\n<meta name=\"robots\" content=\"index, follow, max-snippet:-1, max-image-preview:large, max-video-preview:-1\" \/>\n<link rel=\"canonical\" href=\"https:\/\/topguard.ca\/boutique\/product\/protection-nano-ceramique\/\" \/>\n<meta property=\"og:locale\" content=\"fr_CA\" \/>\n<meta property=\"og:type\" content=\"article\" \/>\n<meta property=\"og:title\" content=\"Scellant c\u00e9ramique vaporisable | Boutique | Top Guard\" \/>\n<meta property=\"og:description\" content=\"Pr\u00e9servez le lustre de votre v\u00e9hicule avec notre cire c\u00e9ramique de haute qualit\u00e9, facilement applicable, et efficace sur les pellicules pare-pierre.\" \/>\n<meta property=\"og:url\" content=\"https:\/\/topguard.ca\/boutique\/product\/protection-nano-ceramique\/\" \/>\n<meta property=\"og:site_name\" content=\"TopGuard.ca\" \/>\n<meta property=\"article:modified_time\" content=\"2024-02-22T11:53:17+00:00\" \/>\n<meta property=\"og:image\" content=\"https:\/\/topguard.ca\/boutique\/wp-content\/uploads\/2021\/07\/AdobeStock_120071546-scaled.jpeg\" \/>\n\t<meta property=\"og:image:width\" content=\"2560\" \/>\n\t<meta property=\"og:image:height\" content=\"1707\" \/>\n\t<meta property=\"og:image:type\" content=\"image\/jpeg\" \/>\n<meta name=\"twitter:card\" content=\"summary_large_image\" \/>\n<meta name=\"twitter:label1\" content=\"Estimation du temps de lecture\" \/>\n\t<meta name=\"twitter:data1\" content=\"1 minute\" \/>\n<script type=\"application\/ld+json\" class=\"yoast-schema-graph\">{\"@context\":\"https:\/\/schema.org\",\"@graph\":[{\"@type\":\"WebPage\",\"@id\":\"https:\/\/topguard.ca\/boutique\/product\/protection-nano-ceramique\/\",\"url\":\"https:\/\/topguard.ca\/boutique\/product\/protection-nano-ceramique\/\",\"name\":\"Scellant c\u00e9ramique vaporisable | Boutique | Top Guard\",\"isPartOf\":{\"@id\":\"https:\/\/topguard.ca\/boutique\/#website\"},\"datePublished\":\"2021-07-14T20:41:33+00:00\",\"dateModified\":\"2024-02-22T11:53:17+00:00\",\"description\":\"Pr\u00e9servez le lustre de votre v\u00e9hicule avec notre cire c\u00e9ramique de haute qualit\u00e9, facilement applicable, et efficace sur les pellicules pare-pierre.\",\"breadcrumb\":{\"@id\":\"https:\/\/topguard.ca\/boutique\/product\/protection-nano-ceramique\/#breadcrumb\"},\"inLanguage\":\"fr-CA\",\"potentialAction\":[{\"@type\":\"ReadAction\",\"target\":[\"https:\/\/topguard.ca\/boutique\/product\/protection-nano-ceramique\/\"]}]},{\"@type\":\"BreadcrumbList\",\"@id\":\"https:\/\/topguard.ca\/boutique\/product\/protection-nano-ceramique\/#breadcrumb\",\"itemListElement\":[{\"@type\":\"ListItem\",\"position\":1,\"name\":\"Home\",\"item\":\"https:\/\/topguard.ca\/boutique\/\"},{\"@type\":\"ListItem\",\"position\":2,\"name\":\"Shop\",\"item\":\"https:\/\/topguard.ca\/boutique\/shop-2\/\"},{\"@type\":\"ListItem\",\"position\":3,\"name\":\"Scellant c\u00e9ramique vaporisable\"}]},{\"@type\":\"WebSite\",\"@id\":\"https:\/\/topguard.ca\/boutique\/#website\",\"url\":\"https:\/\/topguard.ca\/boutique\/\",\"name\":\"TopGuard.ca\",\"description\":\"Just another WordPress site\",\"publisher\":{\"@id\":\"https:\/\/topguard.ca\/boutique\/#organization\"},\"potentialAction\":[{\"@type\":\"SearchAction\",\"target\":{\"@type\":\"EntryPoint\",\"urlTemplate\":\"https:\/\/topguard.ca\/boutique\/?s={search_term_string}\"},\"query-input\":\"required name=search_term_string\"}],\"inLanguage\":\"fr-CA\"},{\"@type\":\"Organization\",\"@id\":\"https:\/\/topguard.ca\/boutique\/#organization\",\"name\":\"TopGuard.ca\",\"url\":\"https:\/\/topguard.ca\/boutique\/\",\"logo\":{\"@type\":\"ImageObject\",\"inLanguage\":\"fr-CA\",\"@id\":\"https:\/\/topguard.ca\/boutique\/#\/schema\/logo\/image\/\",\"url\":\"https:\/\/topguard.ca\/boutique\/wp-content\/uploads\/2021\/06\/cropped-cropped-Logo_top_guard-1-alt-e1635260545729.png\",\"contentUrl\":\"https:\/\/topguard.ca\/boutique\/wp-content\/uploads\/2021\/06\/cropped-cropped-Logo_top_guard-1-alt-e1635260545729.png\",\"width\":162,\"height\":100,\"caption\":\"TopGuard.ca\"},\"image\":{\"@id\":\"https:\/\/topguard.ca\/boutique\/#\/schema\/logo\/image\/\"}}]}<\/script>\n<!-- \/ Yoast SEO plugin. -->","yoast_head_json":{"title":"Scellant c\u00e9ramique vaporisable | Boutique | Top Guard","description":"Pr\u00e9servez le lustre de votre v\u00e9hicule avec notre cire c\u00e9ramique de haute qualit\u00e9, facilement applicable, et efficace sur les pellicules pare-pierre.","robots":{"index":"index","follow":"follow","max-snippet":"max-snippet:-1","max-image-preview":"max-image-preview:large","max-video-preview":"max-video-preview:-1"},"canonical":"https:\/\/topguard.ca\/boutique\/product\/protection-nano-ceramique\/","og_locale":"fr_CA","og_type":"article","og_title":"Scellant c\u00e9ramique vaporisable | Boutique | Top Guard","og_description":"Pr\u00e9servez le lustre de votre v\u00e9hicule avec notre cire c\u00e9ramique de haute qualit\u00e9, facilement applicable, et efficace sur les pellicules pare-pierre.","og_url":"https:\/\/topguard.ca\/boutique\/product\/protection-nano-ceramique\/","og_site_name":"TopGuard.ca","article_modified_time":"2024-02-22T11:53:17+00:00","og_image":[{"width":2560,"height":1707,"url":"https:\/\/topguard.ca\/boutique\/wp-content\/uploads\/2021\/07\/AdobeStock_120071546-scaled.jpeg","type":"image\/jpeg"}],"twitter_card":"summary_large_image","twitter_misc":{"Estimation du temps de lecture":"1 minute"},"schema":{"@context":"https:\/\/schema.org","@graph":[{"@type":"WebPage","@id":"https:\/\/topguard.ca\/boutique\/product\/protection-nano-ceramique\/","url":"https:\/\/topguard.ca\/boutique\/product\/protection-nano-ceramique\/","name":"Scellant c\u00e9ramique vaporisable | Boutique | Top Guard","isPartOf":{"@id":"https:\/\/topguard.ca\/boutique\/#website"},"datePublished":"2021-07-14T20:41:33+00:00","dateModified":"2024-02-22T11:53:17+00:00","description":"Pr\u00e9servez le lustre de votre v\u00e9hicule avec notre cire c\u00e9ramique de haute qualit\u00e9, facilement applicable, et efficace sur les pellicules pare-pierre.","breadcrumb":{"@id":"https:\/\/topguard.ca\/boutique\/product\/protection-nano-ceramique\/#breadcrumb"},"inLanguage":"fr-CA","potentialAction":[{"@type":"ReadAction","target":["https:\/\/topguard.ca\/boutique\/product\/protection-nano-ceramique\/"]}]},{"@type":"BreadcrumbList","@id":"https:\/\/topguard.ca\/boutique\/product\/protection-nano-ceramique\/#breadcrumb","itemListElement":[{"@type":"ListItem","position":1,"name":"Home","item":"https:\/\/topguard.ca\/boutique\/"},{"@type":"ListItem","position":2,"name":"Shop","item":"https:\/\/topguard.ca\/boutique\/shop-2\/"},{"@type":"ListItem","position":3,"name":"Scellant c\u00e9ramique vaporisable"}]},{"@type":"WebSite","@id":"https:\/\/topguard.ca\/boutique\/#website","url":"https:\/\/topguard.ca\/boutique\/","name":"TopGuard.ca","description":"Just another WordPress site","publisher":{"@id":"https:\/\/topguard.ca\/boutique\/#organization"},"potentialAction":[{"@type":"SearchAction","target":{"@type":"EntryPoint","urlTemplate":"https:\/\/topguard.ca\/boutique\/?s={search_term_string}"},"query-input":"required name=search_term_string"}],"inLanguage":"fr-CA"},{"@type":"Organization","@id":"https:\/\/topguard.ca\/boutique\/#organization","name":"TopGuard.ca","url":"https:\/\/topguard.ca\/boutique\/","logo":{"@type":"ImageObject","inLanguage":"fr-CA","@id":"https:\/\/topguard.ca\/boutique\/#\/schema\/logo\/image\/","url":"https:\/\/topguard.ca\/boutique\/wp-content\/uploads\/2021\/06\/cropped-cropped-Logo_top_guard-1-alt-e1635260545729.png","contentUrl":"https:\/\/topguard.ca\/boutique\/wp-content\/uploads\/2021\/06\/cropped-cropped-Logo_top_guard-1-alt-e1635260545729.png","width":162,"height":100,"caption":"TopGuard.ca"},"image":{"@id":"https:\/\/topguard.ca\/boutique\/#\/schema\/logo\/image\/"}}]}},"_links":{"self":[{"href":"https:\/\/topguard.ca\/boutique\/wp-json\/wp\/v2\/product\/1112","targetHints":{"allow":["GET"]}}],"collection":[{"href":"https:\/\/topguard.ca\/boutique\/wp-json\/wp\/v2\/product"}],"about":[{"href":"https:\/\/topguard.ca\/boutique\/wp-json\/wp\/v2\/types\/product"}],"wp:featuredmedia":[{"embeddable":true,"href":"https:\/\/topguard.ca\/boutique\/wp-json\/wp\/v2\/media\/1647"}],"wp:attachment":[{"href":"https:\/\/topguard.ca\/boutique\/wp-json\/wp\/v2\/media?parent=1112"}],"wp:term":[{"taxonomy":"product_cat","embeddable":true,"href":"https:\/\/topguard.ca\/boutique\/wp-json\/wp\/v2\/product_cat?post=1112"},{"taxonomy":"product_tag","embeddable":true,"href":"https:\/\/topguard.ca\/boutique\/wp-json\/wp\/v2\/product_tag?post=1112"}],"curies":[{"name":"wp","href":"https:\/\/api.w.org\/{rel}","templated":true}]}}